{"id":90,"date":"2023-09-10T09:14:43","date_gmt":"2023-09-10T07:14:43","guid":{"rendered":"https:\/\/keilatex.de\/highlandgames\/?page_id=90"},"modified":"2023-09-11T06:01:52","modified_gmt":"2023-09-11T04:01:52","slug":"der-verein","status":"publish","type":"page","link":"https:\/\/keilatex.de\/highlandgames\/der-verein\/","title":{"rendered":"Vereinshistorie"},"content":{"rendered":"\n<blockquote class=\"wp-block-quote is-layout-flow wp-block-quote-is-layout-flow\">\n<p>Uerdingen ist seit dem 30. August 2023 um einen Verein reicher. Nachdem im Juni die Uerdinger Highlandgames bei ihrer Premiere im Uerdinger Stadtpark ein voller Erfolg waren, gr\u00fcndeten zehn Uerdinger die \u201eUerdinger Highlander\u201c, welche k\u00fcnftig neben dem Highland-Sport seinen Mitgliedern auch Erholung und aktive Freizeitgestaltung bieten wollen. <br>    <\/p>\n\n\n\n<p>\u201eVor 118 Jahren gr\u00fcndeten Uerdinger einen Verein, dessen Sportart ebenfalls von der britischen Insel kam und zur damaligen Zeit argw\u00f6hnisch betrachtet wurde. Heute heisst der Verein KFC Uerdingen. Irgendwie f\u00fchle ich mich wie die Gr\u00fcnderv\u00e4ter damals\u201c, sagt Frank Langen, der zum Vorsitzenden gew\u00e4hlt wurde.<\/p>\n\n\n\n<p>   <\/p>\n\n\n\n<p> Die Highland Games sind eine offizielle Sportart und dem Deutschen Rasenkraftsport und Tauziehverband unterstellt. Mit der Gr\u00fcndung der Uerdinger Highlander gibt es inzwischen 11 Vereine in NRW. Nachdem durch Corona einige Vereine schwer ums \u00dcberleben k\u00e4mpften hat sich die Szene wieder etwas gefangen und findet wie in Uerdingen immer mehr Freunde. \u201eDie Highland Games sind eine sportliche Veranstaltung und gleichzeitig ein Familienfest f\u00fcr Jung und Alt. &nbsp;Unser Austragungsort, der Uerdinger Stadtpark, erf\u00e4hrt durch die Highland Games einen Mehrwert\u201c, sagt Langen, der die Planungen f\u00fcr 2024 schon in Angriff genommen hat. &nbsp;Auf der Versammlung wurde beschlossen den Wunsch vieler Besucher und Teilnehmer zu entsprechen 2024 die Games an einem &nbsp;Samstag, in diesem Fall&nbsp;am 8. Juni, &nbsp;auszutragen.<\/p>\n\n\n\n<p>   <\/p>\n\n\n\n<p>Mit der Gastst\u00e4tte Wolters wurde &nbsp;ein Vereinslokal gefunden, was noch fehlt ist ein Trainingsplatz sowie aktive &nbsp;Sportler, die an Games teilnehmen wollen. Doch dabei soll es nicht &nbsp;bleiben. \u201eAls Uerdinger wollen wir uns nat\u00fcrlich auch bei anderen kulturellen Veranstaltungen in der Stadt &nbsp;gerne mitmachen und uns pr\u00e4sentieren. In Zeiten wo Vereine immer weniger werden, gehen wir den umgekehrten Weg\u201c, sagt Langen weiter, der es sich auch vorstellen kann mit seinem Verein am Uerdinger Karnevalszug teilzunehmen.<\/p>\n<\/blockquote>\n\n\n\n<blockquote class=\"wp-block-quote is-layout-flow wp-block-quote-is-layout-flow\">\n<p><\/p>\n<\/blockquote>\n\n\n\n<blockquote class=\"wp-block-quote is-layout-flow wp-block-quote-is-layout-flow\">\n<p><\/p>\n<\/blockquote>\n\n\n\n<blockquote class=\"wp-block-quote is-layout-flow wp-block-quote-is-layout-flow\">\n<p><\/p>\n<\/blockquote>\n\n\n\n<blockquote class=\"wp-block-quote is-layout-flow wp-block-quote-is-layout-flow\">\n<p><\/p>\n<\/blockquote>\n","protected":false},"excerpt":{"rendered":"<p>Uerdingen ist seit dem 30. August 2023 um einen Verein reicher. Nachdem im Juni die Uerdinger Highlandgames bei ihrer Premiere im Uerdinger Stadtpark ein voller Erfolg waren, gr\u00fcndeten zehn Uerdinger die \u201eUerdinger Highlander\u201c, welche k\u00fcnftig neben dem Highland-Sport seinen Mitgliedern auch Erholung und aktive Freizeitgestaltung bieten wollen. \u201eVor 118 Jahren gr\u00fcndeten Uerdinger einen Verein, dessen [&hellip;]<\/p>\n","protected":false},"author":1,"featured_media":0,"parent":0,"menu_order":0,"comment_status":"closed","ping_status":"closed","template":"","meta":{"footnotes":""},"class_list":["post-90","page","type-page","status-publish","hentry"],"_links":{"self":[{"href":"https:\/\/keilatex.de\/highlandgames\/wp-json\/wp\/v2\/pages\/90","targetHints":{"allow":["GET"]}}],"collection":[{"href":"https:\/\/keilatex.de\/highlandgames\/wp-json\/wp\/v2\/pages"}],"about":[{"href":"https:\/\/keilatex.de\/highlandgames\/wp-json\/wp\/v2\/types\/page"}],"author":[{"embeddable":true,"href":"https:\/\/keilatex.de\/highlandgames\/wp-json\/wp\/v2\/users\/1"}],"replies":[{"embeddable":true,"href":"https:\/\/keilatex.de\/highlandgames\/wp-json\/wp\/v2\/comments?post=90"}],"version-history":[{"count":4,"href":"https:\/\/keilatex.de\/highlandgames\/wp-json\/wp\/v2\/pages\/90\/revisions"}],"predecessor-version":[{"id":408,"href":"https:\/\/keilatex.de\/highlandgames\/wp-json\/wp\/v2\/pages\/90\/revisions\/408"}],"wp:attachment":[{"href":"https:\/\/keilatex.de\/highlandgames\/wp-json\/wp\/v2\/media?parent=90"}],"curies":[{"name":"wp","href":"https:\/\/api.w.org\/{rel}","templated":true}]}}