{"id":773,"date":"2023-09-16T15:17:53","date_gmt":"2023-09-16T13:17:53","guid":{"rendered":"https:\/\/keilatex.de\/highlandgames\/?page_id=773"},"modified":"2024-05-02T18:39:47","modified_gmt":"2024-05-02T16:39:47","slug":"toss-the-caber","status":"publish","type":"page","link":"https:\/\/keilatex.de\/highlandgames\/toss-the-caber\/","title":{"rendered":"Toss the caber"},"content":{"rendered":"<div class=\"wp-block-image\">\n<figure class=\"aligncenter size-large is-resized\"><img loading=\"lazy\" decoding=\"async\" width=\"1024\" height=\"559\" src=\"https:\/\/keilatex.de\/highlandgames\/wp-content\/uploads\/2024\/04\/BlumenDick-1024x559.jpg\" alt=\"\" class=\"wp-image-974\" style=\"width:361px;height:auto\" srcset=\"https:\/\/keilatex.de\/highlandgames\/wp-content\/uploads\/2024\/04\/BlumenDick-1024x559.jpg 1024w, https:\/\/keilatex.de\/highlandgames\/wp-content\/uploads\/2024\/04\/BlumenDick-300x164.jpg 300w, https:\/\/keilatex.de\/highlandgames\/wp-content\/uploads\/2024\/04\/BlumenDick-768x419.jpg 768w, https:\/\/keilatex.de\/highlandgames\/wp-content\/uploads\/2024\/04\/BlumenDick-1536x838.jpg 1536w, https:\/\/keilatex.de\/highlandgames\/wp-content\/uploads\/2024\/04\/BlumenDick.jpg 1628w\" sizes=\"auto, (max-width: 1024px) 100vw, 1024px\" \/><\/figure><\/div>\n\n\n<figure class=\"wp-block-table is-style-stripes\"><table><tbody><tr><td>Beim Baumschlag\u00fcberwurf (Toss the caber) wird ein vier bis sechs Meter langer Baumstamm mit einem Gewicht von 30 bis 60 kg Gewicht so geworfen, dass er sich einmal \u00fcberschlagen muss. <br>Der Werfer hat drei Versuche und h\u00e4lt den Baumstamm zun\u00e4chst mit beiden H\u00e4nden senkrecht vor seinem K\u00f6rper. Dann nimmt er Anlauf, wobei der Stamm nicht umkippen darf, und schleudert den Stamm so von sich. <br><br>Dabei ist die Weite erst einmal nebens\u00e4chlich, wichtig ist das sich der Baumstamm \u00fcberschl\u00e4gt. <br><br>Gemessen wird auf einem gedachten gro\u00dfen Uhr-Zifferblatt.<br><br>In einer Linie zum Wurf (12:00 Uhr) ist am besten. Gut sind Winkel von 10:00 Uhr bis 2:00 Uhr.<\/td><td><\/td><\/tr><\/tbody><\/table><\/figure>\n","protected":false},"excerpt":{"rendered":"<p>Beim Baumschlag\u00fcberwurf (Toss the caber) wird ein vier bis sechs Meter langer Baumstamm mit einem Gewicht von 30 bis 60 kg Gewicht so geworfen, dass er sich einmal \u00fcberschlagen muss. Der Werfer hat drei Versuche und h\u00e4lt den Baumstamm zun\u00e4chst mit beiden H\u00e4nden senkrecht vor seinem K\u00f6rper. Dann nimmt er Anlauf, wobei der Stamm nicht [&hellip;]<\/p>\n","protected":false},"author":1,"featured_media":0,"parent":0,"menu_order":0,"comment_status":"closed","ping_status":"closed","template":"","meta":{"footnotes":""},"class_list":["post-773","page","type-page","status-publish","hentry"],"_links":{"self":[{"href":"https:\/\/keilatex.de\/highlandgames\/wp-json\/wp\/v2\/pages\/773","targetHints":{"allow":["GET"]}}],"collection":[{"href":"https:\/\/keilatex.de\/highlandgames\/wp-json\/wp\/v2\/pages"}],"about":[{"href":"https:\/\/keilatex.de\/highlandgames\/wp-json\/wp\/v2\/types\/page"}],"author":[{"embeddable":true,"href":"https:\/\/keilatex.de\/highlandgames\/wp-json\/wp\/v2\/users\/1"}],"replies":[{"embeddable":true,"href":"https:\/\/keilatex.de\/highlandgames\/wp-json\/wp\/v2\/comments?post=773"}],"version-history":[{"count":3,"href":"https:\/\/keilatex.de\/highlandgames\/wp-json\/wp\/v2\/pages\/773\/revisions"}],"predecessor-version":[{"id":1036,"href":"https:\/\/keilatex.de\/highlandgames\/wp-json\/wp\/v2\/pages\/773\/revisions\/1036"}],"wp:attachment":[{"href":"https:\/\/keilatex.de\/highlandgames\/wp-json\/wp\/v2\/media?parent=773"}],"curies":[{"name":"wp","href":"https:\/\/api.w.org\/{rel}","templated":true}]}}