{"id":767,"date":"2023-09-16T15:14:20","date_gmt":"2023-09-16T13:14:20","guid":{"rendered":"https:\/\/keilatex.de\/highlandgames\/?page_id=767"},"modified":"2024-05-02T18:35:16","modified_gmt":"2024-05-02T16:35:16","slug":"sheaf-toss","status":"publish","type":"page","link":"https:\/\/keilatex.de\/highlandgames\/sheaf-toss\/","title":{"rendered":"Sheaf Toss"},"content":{"rendered":"\n<figure class=\"wp-block-table is-style-stripes\"><table><tbody><tr><td>Beim Heusackhochwurf (Sheaf Toss) gilt es ein ca. 6 m hohes Gestell, das durch Schn\u00fcre unterschiedliche H\u00f6hen markiert, zu \u00fcberwinden. <br><br><br><br>Ziel ist es, einen Heusack (M\u00e4nner = 7,5 kg, Frauen = 5,5 kg) mit einer Mistgabel so hoch wie m\u00f6glich \u00fcber die Schn\u00fcre zu werfen.<br><br>Die Punktevergabe ergibt sich wie folgt:<br><br>3 m = 4 Pkt.<br>4 m = 6 Pkt.<br>5 m = 8 Pkt.<br>6 m = 10 Pkt.<br><br>Pro Teammitglied wird der beste Wurf gewertet, jeder Teilnehmer hat drei Versuche.<\/td><td><img loading=\"lazy\" decoding=\"async\" width=\"250\" height=\"380\" class=\"wp-image-1031\" style=\"width: 250px;\" src=\"https:\/\/keilatex.de\/highlandgames\/wp-content\/uploads\/2024\/05\/Kurfuersten-Apotheke.jpg\" alt=\"\" srcset=\"https:\/\/keilatex.de\/highlandgames\/wp-content\/uploads\/2024\/05\/Kurfuersten-Apotheke.jpg 645w, https:\/\/keilatex.de\/highlandgames\/wp-content\/uploads\/2024\/05\/Kurfuersten-Apotheke-197x300.jpg 197w\" sizes=\"auto, (max-width: 250px) 100vw, 250px\" \/><\/td><\/tr><\/tbody><\/table><\/figure>\n","protected":false},"excerpt":{"rendered":"<p>Beim Heusackhochwurf (Sheaf Toss) gilt es ein ca. 6 m hohes Gestell, das durch Schn\u00fcre unterschiedliche H\u00f6hen markiert, zu \u00fcberwinden. Ziel ist es, einen Heusack (M\u00e4nner = 7,5 kg, Frauen = 5,5 kg) mit einer Mistgabel so hoch wie m\u00f6glich \u00fcber die Schn\u00fcre zu werfen. Die Punktevergabe ergibt sich wie folgt: 3 m = 4 [&hellip;]<\/p>\n","protected":false},"author":1,"featured_media":0,"parent":0,"menu_order":0,"comment_status":"closed","ping_status":"closed","template":"","meta":{"footnotes":""},"class_list":["post-767","page","type-page","status-publish","hentry"],"_links":{"self":[{"href":"https:\/\/keilatex.de\/highlandgames\/wp-json\/wp\/v2\/pages\/767","targetHints":{"allow":["GET"]}}],"collection":[{"href":"https:\/\/keilatex.de\/highlandgames\/wp-json\/wp\/v2\/pages"}],"about":[{"href":"https:\/\/keilatex.de\/highlandgames\/wp-json\/wp\/v2\/types\/page"}],"author":[{"embeddable":true,"href":"https:\/\/keilatex.de\/highlandgames\/wp-json\/wp\/v2\/users\/1"}],"replies":[{"embeddable":true,"href":"https:\/\/keilatex.de\/highlandgames\/wp-json\/wp\/v2\/comments?post=767"}],"version-history":[{"count":5,"href":"https:\/\/keilatex.de\/highlandgames\/wp-json\/wp\/v2\/pages\/767\/revisions"}],"predecessor-version":[{"id":1033,"href":"https:\/\/keilatex.de\/highlandgames\/wp-json\/wp\/v2\/pages\/767\/revisions\/1033"}],"wp:attachment":[{"href":"https:\/\/keilatex.de\/highlandgames\/wp-json\/wp\/v2\/media?parent=767"}],"curies":[{"name":"wp","href":"https:\/\/api.w.org\/{rel}","templated":true}]}}