{"id":1276,"date":"2025-01-12T04:42:59","date_gmt":"2025-01-12T03:42:59","guid":{"rendered":"https:\/\/keilatex.de\/highlandgames\/?page_id=1276"},"modified":"2025-01-12T04:47:26","modified_gmt":"2025-01-12T03:47:26","slug":"weight-for-distance","status":"publish","type":"page","link":"https:\/\/keilatex.de\/highlandgames\/weight-for-distance\/","title":{"rendered":"Weight for Distance"},"content":{"rendered":"\n<p>Die Disziplin &#8222;Weight for Distance&#8220; ist eine aufregende Highland Games-Disziplin, die die St\u00e4rke und Wurfkraft der Athleten hervorhebt. Bei dieser Disziplin geht es darum, ein Gewicht mit einem Arm so weit wie m\u00f6glich zu werfen. Die Weite, die das Gewicht erreicht, bestimmt die Punktzahl des Athleten.<\/p>\n\n\n\n<p>Im Einzelwettkampf gibt es die M\u00f6glichkeit, sowohl aus dem Stand als auch mit Drehung zu werfen. Beim Werfen aus dem Stand geht es darum, die Kraft und Technik optimal zu nutzen, um das Gewicht so weit wie m\u00f6glich zu schleudern. Die Drehung hingegen erfordert besondere Koordination und Geschicklichkeit, um die Wurfweite zu maximieren.<\/p>\n\n\n\n<p>Beim Teamwettkampf hingegen ist ausschlie\u00dflich das Werfen aus dem Stand erlaubt. Hierbei geht es darum, die Wurfkraft pr\u00e4zise zu steuern, um eine maximale Weite zu erreichen.<\/p>\n\n\n\n<p>Unabh\u00e4ngig vom Einzel- oder Teamwettkampf ist es wichtig zu beachten, dass ein Wurf als ung\u00fcltig gewertet wird, wenn die Abwurflinie \u00fcberschritten wird.<\/p>\n\n\n\n<p>Die Punkteverteilung erfolgt nach der erreichten Weite und variiert je nach Wettbewerb. Beim Teamwettkampf wird die Weite in Felder aufgeteilt, die Punktzahlen von 1 bis 10 repr\u00e4sentieren, wobei 10 das am weitesten entfernte Feld ist und die h\u00f6chste Punktzahl einbringt<\/p>\n","protected":false},"excerpt":{"rendered":"<p>Die Disziplin &#8222;Weight for Distance&#8220; ist eine aufregende Highland Games-Disziplin, die die St\u00e4rke und Wurfkraft der Athleten hervorhebt. Bei dieser Disziplin geht es darum, ein Gewicht mit einem Arm so weit wie m\u00f6glich zu werfen. Die Weite, die das Gewicht erreicht, bestimmt die Punktzahl des Athleten. Im Einzelwettkampf gibt es die M\u00f6glichkeit, sowohl aus dem [&hellip;]<\/p>\n","protected":false},"author":1,"featured_media":0,"parent":0,"menu_order":0,"comment_status":"closed","ping_status":"closed","template":"","meta":{"footnotes":""},"class_list":["post-1276","page","type-page","status-publish","hentry"],"_links":{"self":[{"href":"https:\/\/keilatex.de\/highlandgames\/wp-json\/wp\/v2\/pages\/1276","targetHints":{"allow":["GET"]}}],"collection":[{"href":"https:\/\/keilatex.de\/highlandgames\/wp-json\/wp\/v2\/pages"}],"about":[{"href":"https:\/\/keilatex.de\/highlandgames\/wp-json\/wp\/v2\/types\/page"}],"author":[{"embeddable":true,"href":"https:\/\/keilatex.de\/highlandgames\/wp-json\/wp\/v2\/users\/1"}],"replies":[{"embeddable":true,"href":"https:\/\/keilatex.de\/highlandgames\/wp-json\/wp\/v2\/comments?post=1276"}],"version-history":[{"count":2,"href":"https:\/\/keilatex.de\/highlandgames\/wp-json\/wp\/v2\/pages\/1276\/revisions"}],"predecessor-version":[{"id":1278,"href":"https:\/\/keilatex.de\/highlandgames\/wp-json\/wp\/v2\/pages\/1276\/revisions\/1278"}],"wp:attachment":[{"href":"https:\/\/keilatex.de\/highlandgames\/wp-json\/wp\/v2\/media?parent=1276"}],"curies":[{"name":"wp","href":"https:\/\/api.w.org\/{rel}","templated":true}]}}